{"id":22,"date":"2023-11-03T11:14:31","date_gmt":"2023-11-03T11:14:31","guid":{"rendered":"https:\/\/old.henrikfexeus.se\/mentalisten\/?page_id=22"},"modified":"2024-10-15T15:13:28","modified_gmt":"2024-10-15T14:13:28","slug":"hem","status":"publish","type":"page","link":"https:\/\/old.henrikfexeus.se\/mentalisten\/","title":{"rendered":"Hem"},"content":{"rendered":"\n<div class=\"wp-block-group\"><div class=\"wp-block-group__inner-container is-layout-constrained wp-block-group-is-layout-constrained\">\n<p>Mentalisten \u00e4r&nbsp;Henrik Fexeus&nbsp;sj\u00e4tte turn\u00e9,&nbsp;vilket&nbsp;\u00e4ven&nbsp;markerar Henriks&nbsp;20-\u00e5rsjubileum p\u00e5 scen!&nbsp;Mentalisten&nbsp;inneb\u00e4r ocks\u00e5&nbsp;en delvis ny riktning&nbsp;d\u00e4r Henriks tidigare f\u00f6rest\u00e4llningar fokuserat p\u00e5 v\u00e5ra tankar s\u00e4tter Mentalisten ist\u00e4llet fokus p\u00e5 v\u00e5ra k\u00e4nslor.&nbsp;Det \u00e4r en f\u00f6rest\u00e4llning om vilka vi \u00e4r, v\u00e5ra dr\u00f6mmar och hur viktiga vi \u00e4r f\u00f6r varandra.&nbsp;<\/p>\n\n\n\n<p>Mentalisten kommer givetvis att bjuda p\u00e5 den spektakul\u00e4ra mix av tankel\u00e4sning, manipulation och allm\u00e4nt rackarspel som&nbsp;Henrik Fexeus&nbsp;\u00e4r k\u00e4nd f\u00f6r.&nbsp;Samtidigt som den inneh\u00e5ller nya halsbrytande demonstrationer som Henrik aldrig tidigare utf\u00f6rt p\u00e5 en scen.&nbsp;<\/p>\n\n\n\n<p>Henriks Fexeus f\u00f6rest\u00e4llningar har alltid haft en stor hj\u00e4rna. Mentalisten har ocks\u00e5 ett v\u00e4ldigt stort hj\u00e4rta.<\/p>\n\n\n\n<p><em>F\u00f6rest\u00e4llningen \u00e4r ca 100 min utan paus. <\/em><\/p>\n\n\n\n<p>Manus: HENRIK FEXEUS<br>Regi &amp; manusbearbetning: MORGAN ALLING<br>Produceras av LIFELINE<br><em>Rekommenderad \u00e5lder fr\u00e5n 12 \u00e5r.<\/em><\/p>\n<\/div><\/div>\n\n\n\n<div class=\"wp-block-group gallery\"><div class=\"wp-block-group__inner-container is-layout-constrained wp-block-group-is-layout-constrained\">\n<figure class=\"wp-block-video\"><video height=\"1350\" style=\"aspect-ratio: 1080 \/ 1350;\" width=\"1080\" controls src=\"https:\/\/old.henrikfexeus.se\/mentalisten\/wp-content\/uploads\/2024\/03\/15-sek-1080x1350-3.mp4\"><\/video><\/figure>\n\n\n\n<p><\/p>\n\n\n\n<h2 class=\"wp-block-heading\">Pressbilder<\/h2>\n\n\n\n<figure class=\"wp-block-gallery has-nested-images columns-2 is-cropped wp-block-gallery-1 is-layout-flex wp-block-gallery-is-layout-flex\">\n<figure class=\"wp-block-image size-large\"><img loading=\"lazy\" decoding=\"async\" width=\"2560\" height=\"1921\" data-id=\"327\" src=\"https:\/\/old.henrikfexeus.se\/mentalisten\/wp-content\/uploads\/2024\/10\/Henrik-Fexeus-Mentalisten_15_RETUSCH-edited-scaled.jpg\" alt=\"\" class=\"wp-image-327\" srcset=\"https:\/\/old.henrikfexeus.se\/mentalisten\/wp-content\/uploads\/2024\/10\/Henrik-Fexeus-Mentalisten_15_RETUSCH-edited-scaled.jpg 2560w, https:\/\/old.henrikfexeus.se\/mentalisten\/wp-content\/uploads\/2024\/10\/Henrik-Fexeus-Mentalisten_15_RETUSCH-edited-300x225.jpg 300w, https:\/\/old.henrikfexeus.se\/mentalisten\/wp-content\/uploads\/2024\/10\/Henrik-Fexeus-Mentalisten_15_RETUSCH-edited-1024x768.jpg 1024w, https:\/\/old.henrikfexeus.se\/mentalisten\/wp-content\/uploads\/2024\/10\/Henrik-Fexeus-Mentalisten_15_RETUSCH-edited-768x576.jpg 768w, https:\/\/old.henrikfexeus.se\/mentalisten\/wp-content\/uploads\/2024\/10\/Henrik-Fexeus-Mentalisten_15_RETUSCH-edited-1536x1153.jpg 1536w, https:\/\/old.henrikfexeus.se\/mentalisten\/wp-content\/uploads\/2024\/10\/Henrik-Fexeus-Mentalisten_15_RETUSCH-edited-2048x1537.jpg 2048w\" sizes=\"auto, (max-width: 2560px) 100vw, 2560px\" \/><\/figure>\n\n\n\n<figure class=\"wp-block-image size-large\"><img loading=\"lazy\" decoding=\"async\" width=\"1024\" height=\"683\" data-id=\"321\" src=\"https:\/\/old.henrikfexeus.se\/mentalisten\/wp-content\/uploads\/2024\/10\/Henrik-Fexeus-Mentalisten_25-1-1024x683.jpg\" alt=\"\" class=\"wp-image-321\" srcset=\"https:\/\/old.henrikfexeus.se\/mentalisten\/wp-content\/uploads\/2024\/10\/Henrik-Fexeus-Mentalisten_25-1-1024x683.jpg 1024w, https:\/\/old.henrikfexeus.se\/mentalisten\/wp-content\/uploads\/2024\/10\/Henrik-Fexeus-Mentalisten_25-1-300x200.jpg 300w, https:\/\/old.henrikfexeus.se\/mentalisten\/wp-content\/uploads\/2024\/10\/Henrik-Fexeus-Mentalisten_25-1-768x512.jpg 768w, https:\/\/old.henrikfexeus.se\/mentalisten\/wp-content\/uploads\/2024\/10\/Henrik-Fexeus-Mentalisten_25-1-1536x1024.jpg 1536w, https:\/\/old.henrikfexeus.se\/mentalisten\/wp-content\/uploads\/2024\/10\/Henrik-Fexeus-Mentalisten_25-1-2048x1366.jpg 2048w\" sizes=\"auto, (max-width: 1024px) 100vw, 1024px\" \/><\/figure>\n\n\n\n<figure class=\"wp-block-image size-large\"><img loading=\"lazy\" decoding=\"async\" width=\"1024\" height=\"683\" data-id=\"323\" src=\"https:\/\/old.henrikfexeus.se\/mentalisten\/wp-content\/uploads\/2024\/10\/Henrik-Fexeus-Mentalisten_7-1024x683.jpg\" alt=\"\" class=\"wp-image-323\" srcset=\"https:\/\/old.henrikfexeus.se\/mentalisten\/wp-content\/uploads\/2024\/10\/Henrik-Fexeus-Mentalisten_7-1024x683.jpg 1024w, https:\/\/old.henrikfexeus.se\/mentalisten\/wp-content\/uploads\/2024\/10\/Henrik-Fexeus-Mentalisten_7-300x200.jpg 300w, https:\/\/old.henrikfexeus.se\/mentalisten\/wp-content\/uploads\/2024\/10\/Henrik-Fexeus-Mentalisten_7-768x512.jpg 768w, https:\/\/old.henrikfexeus.se\/mentalisten\/wp-content\/uploads\/2024\/10\/Henrik-Fexeus-Mentalisten_7-1536x1024.jpg 1536w, https:\/\/old.henrikfexeus.se\/mentalisten\/wp-content\/uploads\/2024\/10\/Henrik-Fexeus-Mentalisten_7-2048x1366.jpg 2048w\" sizes=\"auto, (max-width: 1024px) 100vw, 1024px\" \/><\/figure>\n\n\n\n<figure class=\"wp-block-image size-large\"><img loading=\"lazy\" decoding=\"async\" width=\"1024\" height=\"683\" data-id=\"322\" src=\"https:\/\/old.henrikfexeus.se\/mentalisten\/wp-content\/uploads\/2024\/10\/Henrik-Fexeus-Mentalisten_19-1024x683.jpg\" alt=\"\" class=\"wp-image-322\" srcset=\"https:\/\/old.henrikfexeus.se\/mentalisten\/wp-content\/uploads\/2024\/10\/Henrik-Fexeus-Mentalisten_19-1024x683.jpg 1024w, https:\/\/old.henrikfexeus.se\/mentalisten\/wp-content\/uploads\/2024\/10\/Henrik-Fexeus-Mentalisten_19-300x200.jpg 300w, https:\/\/old.henrikfexeus.se\/mentalisten\/wp-content\/uploads\/2024\/10\/Henrik-Fexeus-Mentalisten_19-768x512.jpg 768w, https:\/\/old.henrikfexeus.se\/mentalisten\/wp-content\/uploads\/2024\/10\/Henrik-Fexeus-Mentalisten_19-1536x1024.jpg 1536w, https:\/\/old.henrikfexeus.se\/mentalisten\/wp-content\/uploads\/2024\/10\/Henrik-Fexeus-Mentalisten_19-2048x1366.jpg 2048w\" sizes=\"auto, (max-width: 1024px) 100vw, 1024px\" \/><\/figure>\n\n\n\n<figure class=\"wp-block-image size-large\"><img loading=\"lazy\" decoding=\"async\" width=\"1024\" height=\"683\" data-id=\"320\" src=\"https:\/\/old.henrikfexeus.se\/mentalisten\/wp-content\/uploads\/2024\/10\/Henrik-Fexeus-Mentalisten_36-1-1024x683.jpg\" alt=\"\" class=\"wp-image-320\" srcset=\"https:\/\/old.henrikfexeus.se\/mentalisten\/wp-content\/uploads\/2024\/10\/Henrik-Fexeus-Mentalisten_36-1-1024x683.jpg 1024w, https:\/\/old.henrikfexeus.se\/mentalisten\/wp-content\/uploads\/2024\/10\/Henrik-Fexeus-Mentalisten_36-1-300x200.jpg 300w, https:\/\/old.henrikfexeus.se\/mentalisten\/wp-content\/uploads\/2024\/10\/Henrik-Fexeus-Mentalisten_36-1-768x512.jpg 768w, https:\/\/old.henrikfexeus.se\/mentalisten\/wp-content\/uploads\/2024\/10\/Henrik-Fexeus-Mentalisten_36-1-1536x1024.jpg 1536w, https:\/\/old.henrikfexeus.se\/mentalisten\/wp-content\/uploads\/2024\/10\/Henrik-Fexeus-Mentalisten_36-1-2048x1366.jpg 2048w\" sizes=\"auto, (max-width: 1024px) 100vw, 1024px\" \/><\/figure>\n\n\n\n<figure class=\"wp-block-image size-large\"><img loading=\"lazy\" decoding=\"async\" width=\"1024\" height=\"757\" data-id=\"319\" src=\"https:\/\/old.henrikfexeus.se\/mentalisten\/wp-content\/uploads\/2024\/10\/Henrik-Fexeus-Mentalisten_37-1024x757.jpg\" alt=\"\" class=\"wp-image-319\" srcset=\"https:\/\/old.henrikfexeus.se\/mentalisten\/wp-content\/uploads\/2024\/10\/Henrik-Fexeus-Mentalisten_37-1024x757.jpg 1024w, https:\/\/old.henrikfexeus.se\/mentalisten\/wp-content\/uploads\/2024\/10\/Henrik-Fexeus-Mentalisten_37-300x222.jpg 300w, https:\/\/old.henrikfexeus.se\/mentalisten\/wp-content\/uploads\/2024\/10\/Henrik-Fexeus-Mentalisten_37-768x568.jpg 768w, https:\/\/old.henrikfexeus.se\/mentalisten\/wp-content\/uploads\/2024\/10\/Henrik-Fexeus-Mentalisten_37-1536x1135.jpg 1536w, https:\/\/old.henrikfexeus.se\/mentalisten\/wp-content\/uploads\/2024\/10\/Henrik-Fexeus-Mentalisten_37-2048x1514.jpg 2048w\" sizes=\"auto, (max-width: 1024px) 100vw, 1024px\" \/><\/figure>\n<\/figure>\n\n\n\n<p><em>Foto: Jonas <\/em>Persson<\/p>\n<\/div><\/div>\n","protected":false},"excerpt":{"rendered":"<p>Mentalisten \u00e4r&nbsp;Henrik Fexeus&nbsp;sj\u00e4tte turn\u00e9,&nbsp;vilket&nbsp;\u00e4ven&nbsp;markerar Henriks&nbsp;20-\u00e5rsjubileum p\u00e5 scen!&nbsp;Mentalisten&nbsp;inneb\u00e4r ocks\u00e5&nbsp;en delvis ny riktning&nbsp;d\u00e4r Henriks tidigare f\u00f6rest\u00e4llningar fokuserat p\u00e5 v\u00e5ra tankar s\u00e4tter Mentalisten ist\u00e4llet fokus p\u00e5 v\u00e5ra k\u00e4nslor.&nbsp;Det \u00e4r en f\u00f6rest\u00e4llning om vilka vi \u00e4r, v\u00e5ra dr\u00f6mmar och hur viktiga vi \u00e4r f\u00f6r varandra.&nbsp; Mentalisten kommer givetvis att bjuda p\u00e5 den spektakul\u00e4ra mix av tankel\u00e4sning, manipulation och allm\u00e4nt [&hellip;]<\/p>\n","protected":false},"author":2,"featured_media":20,"parent":0,"menu_order":0,"comment_status":"closed","ping_status":"closed","template":"","meta":{"_acf_changed":false,"inline_featured_image":false,"footnotes":""},"class_list":["post-22","page","type-page","status-publish","has-post-thumbnail","hentry"],"acf":[],"_links":{"self":[{"href":"https:\/\/old.henrikfexeus.se\/mentalisten\/wp-json\/wp\/v2\/pages\/22","targetHints":{"allow":["GET"]}}],"collection":[{"href":"https:\/\/old.henrikfexeus.se\/mentalisten\/wp-json\/wp\/v2\/pages"}],"about":[{"href":"https:\/\/old.henrikfexeus.se\/mentalisten\/wp-json\/wp\/v2\/types\/page"}],"author":[{"embeddable":true,"href":"https:\/\/old.henrikfexeus.se\/mentalisten\/wp-json\/wp\/v2\/users\/2"}],"replies":[{"embeddable":true,"href":"https:\/\/old.henrikfexeus.se\/mentalisten\/wp-json\/wp\/v2\/comments?post=22"}],"version-history":[{"count":29,"href":"https:\/\/old.henrikfexeus.se\/mentalisten\/wp-json\/wp\/v2\/pages\/22\/revisions"}],"predecessor-version":[{"id":329,"href":"https:\/\/old.henrikfexeus.se\/mentalisten\/wp-json\/wp\/v2\/pages\/22\/revisions\/329"}],"wp:featuredmedia":[{"embeddable":true,"href":"https:\/\/old.henrikfexeus.se\/mentalisten\/wp-json\/wp\/v2\/media\/20"}],"wp:attachment":[{"href":"https:\/\/old.henrikfexeus.se\/mentalisten\/wp-json\/wp\/v2\/media?parent=22"}],"curies":[{"name":"wp","href":"https:\/\/api.w.org\/{rel}","templated":true}]}}